{"id":931,"date":"2025-01-08T13:15:39","date_gmt":"2025-01-08T13:15:39","guid":{"rendered":"https:\/\/odorheifullgospel.ro\/?page_id=931"},"modified":"2025-02-10T13:03:52","modified_gmt":"2025-02-10T13:03:52","slug":"koszontes","status":"publish","type":"page","link":"https:\/\/odorheifullgospel.ro\/ro\/","title":{"rendered":"Salutare"},"content":{"rendered":"<h6><span style=\"color: #43a500;\">V\u0103 salut\u0103m cu drag pe site-ul<\/span> <span style=\"color: #43a500;\">Centrului Cre\u0219tin de Evanghelie Deplin\u0103<\/span>. Dorim ca timpul petrecut aici s\u0103 fie spre binecuv\u00e2ntarea Ta. Te invit\u0103m s\u0103 faci cuno\u0219tin\u021b\u0103 cu comunitatea noastr\u0103 \u0219i cu lucrarea care o facem in \u021aara Secuilor. Dac\u0103 ai \u00eentreb\u0103ri sau sugestii, te rug\u0103m s\u0103 ne scrii un <span style=\"color: #43a500;\"><a style=\"color: #43a500;\" href=\"https:\/\/odorheifullgospel.ro\/ro\/contact\/\">mesaj<\/a><\/span>. Dac\u0103 nu ai fost la \u00eentrunirile noastre, \u00ee\u021bi facem o invita\u021bie respectuoas\u0103 la\u00a0<span style=\"color: #43a500;\"><a style=\"color: #43a500;\" href=\"https:\/\/odorheifullgospel.ro\/ro\/portfolio-post-style\/\">adun\u0103rile s\u0103pt\u0103m\u00e2nale<\/a><\/span>, care sunt deschise pentru orice persoan\u0103, care \u00cel caut\u0103 sincer pe Dumnezeu. Aici ai posibilitatea ca s\u0103 iei leg\u0103tura\u00a0cu slujitorii\u00a0adun\u0103rii noastre.<\/h6>\n<h6><\/h6>\n<p><b>G\u00e1l Tibor,<\/b><\/p>\n<p><b>Leader pastor<\/b><\/p>\n<p><strong>Centrul Cre\u0219tin de Evanghelie Deplin\u0103<\/strong><\/p>\n","protected":false},"excerpt":{"rendered":"<p>V\u0103 salut\u0103m cu drag pe site-ul Centrului Cre\u0219tin de Evanghelie Deplin\u0103. Dorim ca timpul petrecut aici s\u0103 fie spre binecuv\u00e2ntarea Ta. Te invit\u0103m s\u0103 faci cuno\u0219tin\u021b\u0103 cu comunitatea noastr\u0103 \u0219i cu lucrarea care o facem in \u021aara Secuilor. Dac\u0103 ai &hellip; <a class=\"kt-excerpt-readmore more-link\" href=\"https:\/\/odorheifullgospel.ro\/ro\/\">Olvass t\u00f6bbet<\/a><\/p>\n","protected":false},"author":1,"featured_media":0,"parent":0,"menu_order":0,"comment_status":"closed","ping_status":"closed","template":"","meta":{"kt_blocks_editor_width":"","footnotes":""},"class_list":["post-931","page","type-page","status-publish","hentry"],"_links":{"self":[{"href":"https:\/\/odorheifullgospel.ro\/ro\/wp-json\/wp\/v2\/pages\/931","targetHints":{"allow":["GET"]}}],"collection":[{"href":"https:\/\/odorheifullgospel.ro\/ro\/wp-json\/wp\/v2\/pages"}],"about":[{"href":"https:\/\/odorheifullgospel.ro\/ro\/wp-json\/wp\/v2\/types\/page"}],"author":[{"embeddable":true,"href":"https:\/\/odorheifullgospel.ro\/ro\/wp-json\/wp\/v2\/users\/1"}],"replies":[{"embeddable":true,"href":"https:\/\/odorheifullgospel.ro\/ro\/wp-json\/wp\/v2\/comments?post=931"}],"version-history":[{"count":13,"href":"https:\/\/odorheifullgospel.ro\/ro\/wp-json\/wp\/v2\/pages\/931\/revisions"}],"predecessor-version":[{"id":994,"href":"https:\/\/odorheifullgospel.ro\/ro\/wp-json\/wp\/v2\/pages\/931\/revisions\/994"}],"wp:attachment":[{"href":"https:\/\/odorheifullgospel.ro\/ro\/wp-json\/wp\/v2\/media?parent=931"}],"curies":[{"name":"wp","href":"https:\/\/api.w.org\/{rel}","templated":true}]}}